{"id":685,"date":"2010-07-14T15:56:15","date_gmt":"2010-07-14T14:56:15","guid":{"rendered":"http:\/\/www.rhexpat.com\/blog\/?page_id=685"},"modified":"2017-06-15T10:31:57","modified_gmt":"2017-06-15T08:31:57","slug":"conditions-generales-dabonnement","status":"publish","type":"page","link":"https:\/\/www.rhexpat.com\/blog\/conditions-generales-dabonnement\/","title":{"rendered":"CGA"},"content":{"rendered":"<p style=\"text-align: justify;\"><!-- [if gte mso 9]><xml>\n<o:DocumentProperties>\n<o:Template>Normal.dotm<\/o:Template>\n<o:Revision>0<\/o:Revision>\n<o:TotalTime>0<\/o:TotalTime>\n<o:Pages>1<\/o:Pages>\n<o:Words>1127<\/o:Words>\n<o:Characters>6428<\/o:Characters>\n<o:Company>dd<\/o:Company>\n<o:Lines>53<\/o:Lines>\n<o:Paragraphs>12<\/o:Paragraphs>\n<o:CharactersWithSpaces>7894<\/o:CharactersWithSpaces>\n<o:Version>12.0<\/o:Version>\n<\/o:DocumentProperties>\n<o:OfficeDocumentSettings>\n<o:AllowPNG\/>\n<\/o:OfficeDocumentSettings>\n<\/xml><![endif]--><!-- [if gte mso 9]><xml>\n<w:WordDocument>\n<w:Zoom>0<\/w:Zoom>\n<w:TrackMoves>false<\/w:TrackMoves>\n<w:TrackFormatting\/>\n<w:PunctuationKerning\/>\n<w:DrawingGridHorizontalSpacing>18 pt<\/w:DrawingGridHorizontalSpacing>\n<w:DrawingGridVerticalSpacing>18 pt<\/w:DrawingGridVerticalSpacing>\n<w:DisplayHorizontalDrawingGridEvery>0<\/w:DisplayHorizontalDrawingGridEvery>\n<w:DisplayVerticalDrawingGridEvery>0<\/w:DisplayVerticalDrawingGridEvery>\n<w:ValidateAgainstSchemas\/>\n<w:SaveIfXMLInvalid>false<\/w:SaveIfXMLInvalid>\n<w:IgnoreMixedContent>false<\/w:IgnoreMixedContent>\n<w:AlwaysShowPlaceholderText>false<\/w:AlwaysShowPlaceholderText>\n<w:Compatibility>\n<w:BreakWrappedTables\/>\n<w:DontGrowAutofit\/>\n<w:DontAutofitConstrainedTables\/>\n<w:DontVertAlignInTxbx\/>\n<\/w:Compatibility>\n<\/w:WordDocument>\n<\/xml><![endif]--><!-- [if gte mso 9]><xml>\n<w:LatentStyles DefLockedState=\"false\" LatentStyleCount=\"276\">\n<\/w:LatentStyles>\n<\/xml><![endif]--><\/p>\n<p style=\"text-align: justify;\"><span style=\"font-size: 10pt;\"><span style=\"color: #ffa500;\"><span style=\"font-family: arial,helvetica,sans-serif;\"><strong><span lang=\"EN-US\">Conditions g\u00e9n\u00e9rales d&#8217;abonnement au Blog de RHExpat (CGA) <\/span><\/strong><\/span><\/span><span style=\"font-family: arial,helvetica,sans-serif;\"><em><span lang=\"EN-US\">(CGA r\u00e9vis\u00e9es en date du 26\/09\/2011)<\/span><\/em><\/span><\/span><\/p>\n<p style=\"text-align: justify;\"><span style=\"color: #ffa500; font-size: 10pt;\"><span style=\"font-family: arial,helvetica,sans-serif;\"><strong><span lang=\"EN-US\">\/\/ Pr\u00e9ambule<\/span><\/strong><\/span><\/span><\/p>\n<p style=\"text-align: justify;\"><span style=\"font-size: 10pt;\"><span style=\"font-family: arial,helvetica,sans-serif;\"><span lang=\"EN-US\">Les pr\u00e9sentes Conditions g\u00e9n\u00e9rales d&#8217;abonnement s&#8217;appliquent \u00e0 tout souscripteur d&#8217;un abonnement aux services fournis \u00e0 titre gratuit par le Blog RHExpat<\/span><\/span><span style=\"font-family: arial,helvetica,sans-serif;\"><span lang=\"EN-US\"> appartenant \u00e0 la soci\u00e9t\u00e9 RHExpat, SARL au capital de 200 euros, immatricul\u00e9e au RCS de <\/span><\/span><span style=\"font-family: arial,helvetica,sans-serif;\"><span lang=\"EN-US\">Paris<\/span><\/span><span style=\"font-family: arial,helvetica,sans-serif;\"><span lang=\"EN-US\"> sous le num\u00e9ro<\/span><\/span><span style=\"font-family: Cambria;\"> Siren\u00a0: 531\u00a0323\u00a0194 R.C.S. Paris<\/span><span style=\"font-family: arial,helvetica,sans-serif;\"><span lang=\"EN-US\">, dont le si\u00e8ge social est situ\u00e9 au 58 avenue des Ternes &#8211; 75017 paris (ci-apr\u00e8s d\u00e9nomm\u00e9 RHExpat).<\/span><\/span><\/span><\/p>\n<p style=\"text-align: justify;\"><span style=\"font-size: 10pt;\"><span style=\"font-family: arial,helvetica,sans-serif;\"><span lang=\"EN-US\">Pour \u00eatre abonn\u00e9 du blog RHExpat, toute personne doit pr\u00e9alablement accepter sans r\u00e9serve les pr\u00e9sentes conditions g\u00e9n\u00e9rales d&#8217;abonnement, compl\u00e9t\u00e9es des <\/span><\/span><span style=\"font-family: arial,helvetica,sans-serif;\"><span lang=\"EN-US\"><a href=\"http:\/\/rhexpat.com\/CGU.html\" target=\"_blank\" rel=\"noopener\"><span style=\"text-decoration: underline;\">conditions g\u00e9n\u00e9rales d&#8217;utilisation<\/span><\/a><\/span> <\/span><span style=\"font-family: arial,helvetica,sans-serif;\">\u00e0 laquelle elle donne express\u00e9ment son accord par les pr\u00e9sentes et par le simple fait de visiter les pages du site <\/span><span style=\"font-family: arial,helvetica,sans-serif;\"><a href=\"http:\/\/www.rhexpat.fr\" target=\"_blank\" rel=\"noopener\"><span style=\"text-decoration: underline;\">www.rhexpat.com<\/span><\/a><\/span><\/span><\/p>\n<p style=\"text-align: justify;\"><span style=\"color: #ffa500; font-size: 10pt;\"><span style=\"font-family: arial,helvetica,sans-serif;\"><strong><span lang=\"EN-US\">\/\/ Article 1 &#8211; D\u00e9finition du client abonn\u00e9<\/span><\/strong><\/span><\/span><\/p>\n<p style=\"text-align: justify;\"><span style=\"font-size: 10pt;\"><span style=\"font-family: arial,helvetica,sans-serif;\"><span lang=\"EN-US\">On entend par abonn\u00e9, toute personne qui : (i) a enregistr\u00e9 ses coordonn\u00e9es sur le blog du site <\/span><\/span><span style=\"font-family: arial,helvetica,sans-serif;\"><a href=\"http:\/\/www.rhexpat.fr\" target=\"_blank\" rel=\"noopener\"><span style=\"text-decoration: underline;\">www.rhexpat.com<\/span><\/a><\/span>, (ii) a donn\u00e9 son accord aux pr\u00e9sentes conditions g\u00e9n\u00e9rales d&#8217;abonnement.<\/span><\/p>\n<p style=\"text-align: justify;\"><span style=\"font-size: 10pt;\"><span style=\"font-family: arial,helvetica,sans-serif;\"><span lang=\"EN-US\">L&#8217;abonn\u00e9 est express\u00e9ment inform\u00e9 que son compte est pleinement fonctionnel \u00e0 partir du moment o\u00f9 il aura confirm\u00e9 son adresse e-mail apr\u00e8s r\u00e9ception de l&#8217;e-mail de confirmation.<br \/>\n<\/span><\/span><\/span><\/p>\n<p style=\"text-align: justify;\"><span style=\"color: #ffa500; font-size: 10pt;\"><span style=\"font-family: arial,helvetica,sans-serif;\"><strong><span lang=\"EN-US\">\/\/ Article 2 &#8211; Acc\u00e8s aux espaces, informations et services de RHExpat<\/span><\/strong><\/span><\/span><\/p>\n<p style=\"text-align: justify;\"><span style=\"font-size: 10pt;\"><span style=\"font-family: arial,helvetica,sans-serif;\"><span lang=\"EN-US\">Par rapport au simple visiteur, l&#8217;abonn\u00e9 identifi\u00e9 b\u00e9n\u00e9ficie, de l&#8217;acc\u00e8s \u00e0 des espaces, informations et services compl\u00e9mentaires, sur le blog de <\/span><\/span><span style=\"font-family: arial,helvetica,sans-serif;\"><a href=\"http:\/\/www.rhexpat.fr\" target=\"_blank\" rel=\"noopener\"><span style=\"text-decoration: underline;\">www.rhexpat.com<\/span><\/a><\/span><\/span><\/p>\n<p style=\"text-align: justify;\"><span style=\"font-size: 10pt;\"><span style=\"font-family: arial,helvetica,sans-serif;\"><span lang=\"EN-US\">Les espaces, informations et services r\u00e9serv\u00e9s aux abonn\u00e9s sont indiqu\u00e9es sur la page d\u2019accueil du site <\/span><\/span><span style=\"font-family: arial,helvetica,sans-serif;\"><a href=\"http:\/\/www.rhexpat.fr\" target=\"_blank\" rel=\"noopener\"><span style=\"text-decoration: underline;\">www.rhexpat.com<\/span>.<\/a><\/span><span style=\"font-family: arial,helvetica,sans-serif;\"><span lang=\"EN-US\">, ainsi que sur la page de pr\u00e9sentation de l&#8217;offre d&#8217;abonnement du blog, accessibles depuis le site <\/span><\/span><span style=\"font-family: arial,helvetica,sans-serif;\"><a href=\"http:\/\/www.rhexpat.fr\" target=\"_blank\" rel=\"noopener\"><span style=\"text-decoration: underline;\">www.rhexpat.com<\/span>\/Blog<\/a><\/span><\/span><\/p>\n<p style=\"text-align: justify;\"><span style=\"font-size: 10pt;\"><span style=\"font-family: arial,helvetica,sans-serif;\"><span lang=\"EN-US\">RHExpat se r\u00e9serve le droit de faire \u00e9voluer la formule d&#8217;abonnement propos\u00e9e ainsi que l&#8217;\u00e9tendue de la prestation r\u00e9serv\u00e9e aux abonn\u00e9s. <\/span><\/span><\/span><\/p>\n<p style=\"text-align: justify;\"><span style=\"font-size: 10pt;\"><span style=\"font-family: arial,helvetica,sans-serif;\"><span lang=\"EN-US\">RHExpat conf\u00e8re un droit d&#8217;utilisation non exclusif et non collectif des espaces, informations et services mis \u00e0 la disposition sp\u00e9cifique de ses abonn\u00e9s. <\/span><\/span><\/span><\/p>\n<p style=\"text-align: justify;\"><span style=\"font-size: 10pt;\"><span style=\"font-family: arial,helvetica,sans-serif;\"><span lang=\"EN-US\">RHExpat ne saurait \u00eatre rendu responsable de l&#8217;utilisation que fait l&#8217;abonn\u00e9 des espaces, informations et services disponibles sur le blog de RHExpat.<\/span><\/span><\/span><\/p>\n<p style=\"text-align: justify;\"><span style=\"font-size: 10pt;\">RHExpat propose, sur le Site, des espaces de communication et de partage, susceptibles d&#8217;\u00e9voluer avec le Site.<\/span><\/p>\n<p style=\"text-align: justify;\"><span style=\"font-size: 10pt;\">Les Membres peuvent mettre en ligne des donn\u00e9es, informations et plus g\u00e9n\u00e9ralement du contenu et \u00e9changer des informations dans le cadre de ces espaces ou sur leur profil dans le strict respect de la loi et des pr\u00e9sentes Conditions d&#8217;abonnement.<\/span><\/p>\n<p style=\"text-align: justify;\"><span style=\"font-size: 10pt;\">Toutefois, dans l&#8217;hypoth\u00e8se o\u00f9 RHExpat serait dument inform\u00e9e qu&#8217;un contenu manifestement illicite serait diffus\u00e9 sur le Site, cette derni\u00e8re pourrait \u00eatre amen\u00e9e \u00e0 le supprimer sans notification pr\u00e9alable de sa part au Membre ayant fourni ledit contenu.<\/span><\/p>\n<p style=\"text-align: justify;\"><span style=\"font-size: 10pt;\"><span style=\"font-family: arial,helvetica,sans-serif;\"><span lang=\"EN-US\">Dans tous les cas, l&#8217;abonn\u00e9 se soumet aux <\/span><\/span><span style=\"font-family: arial,helvetica,sans-serif;\"><span lang=\"EN-US\"><a href=\"http:\/\/rhexpat.com\/CGU.php\" target=\"_blank\" rel=\"noopener\"><span style=\"text-decoration: underline;\">conditions g\u00e9n\u00e9rales d&#8217;utilisation<\/span><\/a> <\/span><\/span><span style=\"font-family: arial,helvetica,sans-serif;\"><span lang=\"EN-US\">disponibles sur le site de RHExpat et dont il aura \u00e9t\u00e9 inform\u00e9 des \u00e9ventuelles r\u00e9visions et modifications (la date de r\u00e9vision indiqu\u00e9e en haut de la licence faisant foi).<\/span><\/span><\/span><\/p>\n<p style=\"text-align: justify;\"><span style=\"color: #ffa500; font-size: 10pt;\"><span style=\"font-family: arial,helvetica,sans-serif;\"><strong><span lang=\"EN-US\">\/\/ Article 3 &#8211; Dur\u00e9e et renouvellement de l&#8217;abonnement<\/span><\/strong><\/span><\/span><\/p>\n<p style=\"text-align: justify;\"><span style=\"font-size: 10pt;\"><span style=\"font-family: arial,helvetica,sans-serif;\"><span lang=\"EN-US\">L&#8217;abonnement est valable de mani\u00e8re permanente et prend fin \u00e0 la date de suppression du compte abonn\u00e9 sur le blog de RHExpat.<\/span><\/span><\/span><\/p>\n<p style=\"text-align: justify;\"><span style=\"color: #ffa500; font-size: 10pt;\"><span style=\"font-family: arial,helvetica,sans-serif;\"><strong><span lang=\"EN-US\">\/\/ Article 4 &#8211; Disponibilit\u00e9 du service<\/span><\/strong><\/span><\/span><\/p>\n<p style=\"text-align: justify;\"><span style=\"font-size: 10pt;\"><span style=\"font-family: arial,helvetica,sans-serif;\"><span lang=\"EN-US\">RHExpat s&#8217;efforce de maintenir un acc\u00e8s permanent \u00e0 son site, \u00e0 ses espaces, informations et services. L&#8217;abonn\u00e9 est invit\u00e9 \u00e0 contacter l&#8217;\u00e9quipe de RHExpat directement s&#8217;il \u00e9prouve des difficult\u00e9s pour acc\u00e9der au site <\/span><\/span><span style=\"font-family: arial,helvetica,sans-serif;\"><a href=\"http:\/\/www.rhexpat.fr\" target=\"_blank\" rel=\"noopener\"><span style=\"text-decoration: underline;\">www.rhexpat.com<\/span>\/Blog<\/a>. <\/span><span style=\"font-family: arial,helvetica,sans-serif;\"><span lang=\"EN-US\">En aucun cas, RHExpat ne saurait voir sa responsabilit\u00e9 engag\u00e9e pour le non acc\u00e8s \u00e0 son site pour des causes ext\u00e9rieures aux \u00e9l\u00e9ments qui sont sous son propre contr<\/span>\u00f4<span lang=\"EN-US\">le, ou dans les cas de force majeure.<\/span><\/span><\/span><\/p>\n<p style=\"text-align: justify;\"><span style=\"font-size: 10pt;\"><span style=\"font-family: arial,helvetica,sans-serif;\"><span lang=\"EN-US\">L&#8217;abonn\u00e9 accepte que le blog de RHExpat ou une partie de ses informations ou services puissent \u00eatre indisponibles momentan\u00e9ment pour des raisons de maintenance.<\/span><\/span><\/span><\/p>\n<p style=\"text-align: justify;\"><span style=\"color: #ffa500; font-size: 10pt;\"><span style=\"font-family: arial,helvetica,sans-serif;\"><strong><span lang=\"EN-US\">\/\/ Article 5 &#8211; \u00c9l\u00e9ments d&#8217;identification<\/span><\/strong><\/span><\/span><\/p>\n<p style=\"text-align: justify;\"><span style=\"font-size: 10pt;\"><span style=\"font-family: arial,helvetica,sans-serif;\"><span lang=\"EN-US\">L&#8217;identification \u00e0 l&#8217;aide des \u00e9l\u00e9ments communiqu\u00e9s par RHExpat permet d&#8217;acc\u00e9der rapidement aux espaces, informations et services r\u00e9serv\u00e9s aux abonn\u00e9s. L&#8217;identification se fait au moyen d\u2019un nom d\u2019utilisateur et un mot de passe choisis par l\u2019abonn\u00e9. Ce mot de passe pourra \u00eatre modifi\u00e9 par l&#8217;abonn\u00e9 sur l&#8217;espace r\u00e9serv\u00e9 \u00e0 son profil.<\/span><\/span><\/span><\/p>\n<p style=\"text-align: justify;\"><span style=\"font-size: 10pt;\"><span style=\"font-family: arial,helvetica,sans-serif;\"><span lang=\"EN-US\">L&#8217;abonn\u00e9 est responsable de la confidentialit\u00e9 de ses \u00e9l\u00e9ments d&#8217;identification.<\/span><\/span><\/span><\/p>\n<p style=\"text-align: justify;\"><span style=\"font-size: 10pt;\"><span style=\"font-family: arial,helvetica,sans-serif;\"><span lang=\"EN-US\">En cas d&#8217;usage des \u00e9l\u00e9ments d&#8217;identifications par une autre personne que l&#8217;abonn\u00e9, ou d&#8217;utilisation simultan\u00e9e par plusieurs personnes des \u00e9l\u00e9ments d&#8217;identification propre \u00e0 un abonn\u00e9, RHExpat se r\u00e9serve le droit de modifier les identifiants ou de d\u00e9sactiver le compte abonn\u00e9 jusqu&#8217;\u00e0 ce que l&#8217;abonn\u00e9 ait r\u00e9gularis\u00e9 sa situation.<\/span><\/span><\/span><\/p>\n<p style=\"text-align: justify;\"><span style=\"font-size: 10pt;\"><span style=\"font-family: arial,helvetica,sans-serif;\"><span lang=\"EN-US\">L&#8217;abonn\u00e9 est inform\u00e9 que pour que son identification soit m\u00e9moris\u00e9e de pages en pages sur le blog de RHExpat, son navigateur web devra accepter le cookie \u00e9mis par le blog de RhExpat<\/span><\/span><\/span><\/p>\n<p style=\"text-align: justify;\"><span style=\"color: #ffa500; font-size: 10pt;\"><span style=\"font-family: arial,helvetica,sans-serif;\"><strong><span lang=\"EN-US\">\/\/ Article 6 &#8211; Dispositions g\u00e9n\u00e9rales sur le droit d&#8217;usage et de rediffusion<\/span><\/strong><\/span><\/span><\/p>\n<p style=\"text-align: justify;\"><span style=\"font-size: 10pt;\"><span style=\"font-family: arial,helvetica,sans-serif;\"><span lang=\"EN-US\">L&#8217;abonnement ne saurait conf\u00e9rer un quelconque droit de rediffusion ou d&#8217;usage collectif des espaces, informations et services disponibles sur les sites et le blog de RHExpat, autre que ce qui est permis dans les conditions g\u00e9n\u00e9rales d&#8217;utilisation.<\/span><\/span><\/span><\/p>\n<p style=\"text-align: justify;\"><span style=\"font-size: 10pt;\"><span style=\"font-family: arial,helvetica,sans-serif;\"><span lang=\"EN-US\">Tout client qui souscrit l&#8217;abonnement dans le but de rediffuser tout ou partie des informations de RHExpat, sous quelque forme que ce soit et par quelque moyen que ce soit, devra imp\u00e9rativement demander l&#8217;accord pr\u00e9alable, expr\u00e8s et \u00e9crit de RHExpat.<\/span><\/span><\/span><\/p>\n<p style=\"text-align: justify;\"><span style=\"font-size: 10pt;\"><span style=\"font-family: arial,helvetica,sans-serif;\"><span lang=\"EN-US\">Le pr\u00e9sent contrat d&#8217;abonnement ne conf\u00e9rant pas de droit d&#8217;usage collectif, l&#8217;abonn\u00e9 s&#8217;engage \u00e0 informer RHExpat sur le nombre de destinataires finales de l&#8217;information. RHExpat et l&#8217;abonn\u00e9 devront signer une extension au pr\u00e9sent contrat d&#8217;abonnement. Un contrat sp\u00e9cifique d\u00e9finira l&#8217;\u00e9tendue des droits collectifs accord\u00e9s par RHExpat et donnera lieu au paiement d&#8217;une somme forfaitaire sp\u00e9cifique en accord avec l&#8217;abonn\u00e9. <\/span><\/span><\/span><\/p>\n<p style=\"text-align: justify;\"><span style=\"font-size: 10pt;\"><span style=\"font-family: arial,helvetica,sans-serif;\"><span lang=\"EN-US\">Tout client qui diffuserait \u00e0 des tiers les informations relevant des services auxquels il a acc\u00e8s du fait de son abonnement sans avoir obtenu un accord pr\u00e9alable, expr\u00e8s et \u00e9crit de RHExpat verrait son compte abonn\u00e9 d\u00e9sactiv\u00e9 et s&#8217;exposerait \u00e0 des poursuites judiciaires en r\u00e9paration de la violation des dispositions des pr\u00e9sentes conditions g\u00e9n\u00e9rales d&#8217;abonnement et du pr\u00e9judice commercial qui en d\u00e9coulerait.<\/span><\/span><\/span><\/p>\n<p style=\"text-align: justify;\"><span style=\"color: #ff9900; font-size: 10pt;\"><strong>\/\/ Article 7 &#8211; Confidentialit\u00e9 des donn\u00e9es<\/strong><\/span><\/p>\n<p style=\"text-align: justify;\"><span style=\"font-size: 10pt;\">Les donn\u00e9es \u00e0 caract\u00e8re personnel des Membres sont stock\u00e9es par RHExpat sur ses serveurs, en vue de leur traitement dans le cadre de l&#8217;utilisation du Service.<\/span><\/p>\n<p style=\"text-align: justify;\"><span style=\"font-size: 10pt;\">Toutes les donn\u00e9es \u00e0 caract\u00e8re personnel transmises par le Membre dans le cadre de l&#8217;utilisation du Site et du Service sont recueillies l\u00e9galement et loyalement. Elles ont pour finalit\u00e9 l&#8217;utilisation du Site et la fourniture du Service et peuvent donc \u00eatre utilis\u00e9es par RHExpat \u00e0 cette fin.<\/span><\/p>\n<p style=\"text-align: justify;\"><span style=\"font-size: 10pt;\">Le Formulaire d&#8217;inscription pr\u00e9sent sur le Site permet au Membre de s&#8217;inscrire au Site et au Service en communiquant \u00e0 RHExpat certaines donn\u00e9es \u00e0 caract\u00e8re personnel le concernant.<\/span><\/p>\n<p style=\"text-align: justify;\"><span style=\"font-size: 10pt;\">Le caract\u00e8re obligatoire ou facultatif de la communication des donn\u00e9es sollicit\u00e9es est mentionn\u00e9 sur le Formulaire pour chaque champ de collecte. Dans le cas o\u00f9 la communication des donn\u00e9es est obligatoire, l&#8217;absence de leur communication aura pour cons\u00e9quence l&#8217;absence de traitement de la demande d&#8217;inscription du Membre.<\/span><\/p>\n<p style=\"text-align: justify;\"><span style=\"font-size: 10pt;\">RHExpat ne communique pas les donn\u00e9es personnelles des Membres \u00e0 des tiers, sous r\u00e9serve de la communication des donn\u00e9es pr\u00e9sentes sur le profil public de chaque Membre, conform\u00e9ment au param\u00e9trage d\u00e9termin\u00e9 par lui ainsi qu&#8217;\u00e0 la finalit\u00e9 du Site et du Service, et des cas o\u00f9 la communication de telles donn\u00e9es est impos\u00e9e par la r\u00e9glementation en vigueur, notamment \u00e0 la requ\u00eate de l&#8217;autorit\u00e9 judiciaire.<\/span><\/p>\n<p style=\"text-align: justify;\"><span style=\"font-size: 10pt;\">Le Membre dispose d&#8217;un droit d&#8217;acc\u00e8s, de rectification et de suppression des donn\u00e9es \u00e0 caract\u00e8re personnel le concernant trait\u00e9es via le Site, ainsi que du droit de s&#8217;opposer \u00e0 la communication de ces donn\u00e9es \u00e0 des tiers pour de justes motifs.<\/span><\/p>\n<p style=\"text-align: justify;\"><span style=\"color: #ffa500; font-size: 10pt;\"><span style=\"font-family: arial,helvetica,sans-serif;\"><strong><span lang=\"EN-US\">\/\/ Article 7 &#8211; R\u00e9clamations<\/span><\/strong><\/span><\/span><\/p>\n<p style=\"text-align: justify;\"><span style=\"font-size: 10pt;\"><span style=\"font-family: arial,helvetica,sans-serif;\"><span lang=\"EN-US\">L&#8217;abonn\u00e9 est express\u00e9ment inform\u00e9 qu&#8217;il dispose d&#8217;un droit d&#8217;acc\u00e8s \u00e0 titre personnel aux espaces, informations et services r\u00e9serv\u00e9s aux abonn\u00e9s, conform\u00e9ment \u00e0 la l\u00e9gislation en vigueur.<\/span><\/span><\/span><\/p>\n<p style=\"text-align: justify;\"><span style=\"font-size: 10pt;\"><span style=\"font-family: arial,helvetica,sans-serif;\"><span lang=\"EN-US\">Pr\u00e9alablement \u00e0 tout recours judiciaire, l&#8217;abonn\u00e9 adressera par \u00e9crit, au si\u00e8ge social de RHExpat, ses r\u00e9clamations concernant les pr\u00e9sentes conditions g\u00e9n\u00e9rales en vue d&#8217;un r<\/span><span lang=\"EN-US\">\u00e8<\/span><span lang=\"EN-US\">glement amiable du litige.<\/span><\/span><\/span><\/p>\n<p style=\"text-align: justify;\"><span style=\"font-size: 10pt;\"><span style=\"font-family: arial,helvetica,sans-serif;\"><span lang=\"EN-US\">Dans les cas o\u00f9 la loi le permet, les seuls tribunaux comp\u00e9tents seront ceux du ressort de <\/span><\/span><span style=\"font-family: arial,helvetica,sans-serif;\"><span lang=\"EN-US\">Paris.<\/span><\/span><\/span><\/p>\n<p><span style=\"font-size: 10pt; color: #ff9900;\"><strong><span lang=\"EN-US\">\/\/ Article 8 &#8211; Informatique et libert\u00e9s<br \/>\n<\/span><\/strong><\/span><\/p>\n<p style=\"text-align: justify; text-justify: inter-ideograph;\"><span style=\"font-size: 10pt;\">Les informations recueillies font l\u2019objet d\u2019un traitement informatique destin\u00e9 \u00e0 donner acc\u00e8s \u00e0 l&#8217;ensemble des articles post\u00e9s sur le Blog RHExpat. Les destinataires des donn\u00e9es sont uniquement les administrateurs du site RHExpat.<\/span><\/p>\n<p style=\"text-align: justify; text-justify: inter-ideograph;\"><span style=\"font-size: 10pt;\">Conform\u00e9ment \u00e0 la loi \u00ab informatique et libert\u00e9s \u00bb du 6 janvier 1978 modifi\u00e9e en 2004, vous b\u00e9n\u00e9ficiez d\u2019un droit d\u2019acc\u00e8s et de rectification aux informations qui vous concernent, que vous pouvez exercer en vous adressant \u00e0 RHExpat \u00e0 l&#8217;adresse suivante : contact@rhexpat.com<\/span><\/p>\n<p style=\"text-align: justify; text-justify: inter-ideograph;\"><span style=\"font-size: 10pt;\">Vous pouvez \u00e9galement, pour des motifs l\u00e9gitimes, vous opposer au traitement des donn\u00e9es vous concernant et\/ou demander la r\u00e9siliation de votre abonnement \u00e0 tout moment.<\/span><\/p>\n<p style=\"text-align: justify;\"><!--EndFragment--><\/p>\n","protected":false},"excerpt":{"rendered":"<p>Conditions g\u00e9n\u00e9rales d&#8217;abonnement au Blog de RHExpat (CGA) (CGA r\u00e9vis\u00e9es en date du 26\/09\/2011) \/\/ Pr\u00e9ambule Les pr\u00e9sentes Conditions g\u00e9n\u00e9rales d&#8217;abonnement s&#8217;appliquent \u00e0 tout souscripteur d&#8217;un abonnement aux services fournis \u00e0 titre gratuit par le Blog RHExpat appartenant \u00e0 la soci\u00e9t\u00e9 RHExpat, SARL au capital de 200 euros, immatricul\u00e9e au RCS de Paris sous le &#8230; <a title=\"CGA\" class=\"read-more\" href=\"https:\/\/www.rhexpat.com\/blog\/conditions-generales-dabonnement\/\" aria-label=\"Plus sur CGA\">Read more<\/a><\/p>\n","protected":false},"author":1,"featured_media":0,"parent":0,"menu_order":0,"comment_status":"closed","ping_status":"open","template":"","meta":{"generate_page_header":"","footnotes":""},"class_list":["post-685","page","type-page","status-publish"],"_links":{"self":[{"href":"https:\/\/www.rhexpat.com\/blog\/wp-json\/wp\/v2\/pages\/685","targetHints":{"allow":["GET"]}}],"collection":[{"href":"https:\/\/www.rhexpat.com\/blog\/wp-json\/wp\/v2\/pages"}],"about":[{"href":"https:\/\/www.rhexpat.com\/blog\/wp-json\/wp\/v2\/types\/page"}],"author":[{"embeddable":true,"href":"https:\/\/www.rhexpat.com\/blog\/wp-json\/wp\/v2\/users\/1"}],"replies":[{"embeddable":true,"href":"https:\/\/www.rhexpat.com\/blog\/wp-json\/wp\/v2\/comments?post=685"}],"version-history":[{"count":21,"href":"https:\/\/www.rhexpat.com\/blog\/wp-json\/wp\/v2\/pages\/685\/revisions"}],"predecessor-version":[{"id":7741,"href":"https:\/\/www.rhexpat.com\/blog\/wp-json\/wp\/v2\/pages\/685\/revisions\/7741"}],"wp:attachment":[{"href":"https:\/\/www.rhexpat.com\/blog\/wp-json\/wp\/v2\/media?parent=685"}],"curies":[{"name":"wp","href":"https:\/\/api.w.org\/{rel}","templated":true}]}}