{"id":9150,"date":"2018-05-23T11:18:23","date_gmt":"2018-05-23T09:18:23","guid":{"rendered":"http:\/\/www.rhexpat.com\/blog\/?page_id=9150"},"modified":"2018-06-04T16:04:23","modified_gmt":"2018-06-04T14:04:23","slug":"politique-de-confidentialite","status":"publish","type":"page","link":"https:\/\/www.rhexpat.com\/blog\/politique-de-confidentialite\/","title":{"rendered":"Politique de confidentialit\u00e9"},"content":{"rendered":"<p><strong>Quelles donn\u00e9es collectons-nous ?<\/strong><\/p>\n<p>Nous collectons plusieurs types de donn\u00e9es personnelles vous concernant :<\/p>\n<p><strong>Les donn\u00e9es que vous nous communiquez :<\/strong> il s\u2019agit des informations d\u2019identification et de contact que vous nous communiquez lors la cr\u00e9ation d\u2019un compte, pour compl\u00e9ter votre espace personnel ou de mani\u00e8re g\u00e9n\u00e9rale pour utiliser nos Services (comme votre nom, pr\u00e9nom, votre civilit\u00e9, votre adresse de courriel, adresse postale, votre t\u00e9l\u00e9phone, etc.).<\/p>\n<p><strong>Des donn\u00e9es g\u00e9n\u00e9r\u00e9es du fait de votre utilisation du Site et des Services lorsque vous \u00eates identifi\u00e9<\/strong> comme la fr\u00e9quence et l\u2019intensit\u00e9 d\u2019utilisation de nos services, les traces de vos connexions \u2026.<\/p>\n<p><strong>Des donn\u00e9es collect\u00e9es automatiquement sur votre navigation que vous soyez connect\u00e9 ou non<\/strong> :<\/p>\n<p>Nous proc\u00e9dons syst\u00e9matiquement \u00e0 la collecte de certaines informations vous concernant, d\u00e8s lors que vous visitez notre site. Ces informations concernent :<\/p>\n<ul>\n<li>votre activit\u00e9 sur Le Club MI, les pages et articles que vous consultez<\/li>\n<li>votre adresse IP (protocole Internet) et votre fournisseur d&#8217;acc\u00e8s Internet (FAI)<\/li>\n<li>votre type de navigateur et l&#8217;identifiant de votre appareil<\/li>\n<li>les fichiers consult\u00e9s sur notre site (par ex. pages HTML, graphiques, etc.)<\/li>\n<li>le syst\u00e8me d&#8217;exploitation, d&#8217;horodatage et\/ou les donn\u00e9es d&#8217;analyse des flux de clics<\/li>\n<\/ul>\n<p>Le traitement automatique de ces donn\u00e9es est effectu\u00e9 dans l&#8217;int\u00e9r\u00eat l\u00e9gitime du Club MI, ce qui nous permet d&#8217;une part, de s\u00e9curiser vos donn\u00e9es par la pr\u00e9vention ou d\u00e9tection d&#8217;une possible fraude, et d&#8217;autre part, de vous transmettre les meilleures opportunit\u00e9s professionnelles correspondant \u00e0 votre profil.<\/p>\n<p><strong>Combinaison de donn\u00e9es.<\/strong> Le Club MI ainsi que les tiers r\u00e9gies partenaires, peuvent combiner les donn\u00e9es obtenues de toutes ces sources avec les autres donn\u00e9es en leur possession et produire des donn\u00e9es de profil permettant d&#8217;effectuer des ciblages publicitaires.<\/p>\n<p><strong>Pour quelles raisons collectons-nous des donn\u00e9es personnelles ?<\/strong><\/p>\n<p><strong>Utilisation du Site et des Services.<\/strong> Le Club MI est conduit \u00e0 collecter des donn\u00e9es personnelles vous concernant dans les cas et notamment pour les finalit\u00e9s suivantes :<\/p>\n<ul>\n<li>Cr\u00e9ation d\u2019un compte, y compris validation et s\u00e9curit\u00e9 du compte<\/li>\n<li>Inscription \u00e0 une alerte email et\/ou \u00e0 nos lettres d\u2019information<\/li>\n<li>Gestion des commentaires que vous publiez \u00e9ventuellement sur nos articles sur le Site,<\/li>\n<li>Assurer la s\u00e9curit\u00e9 du Site, de l\u2019Application et des Services.<\/li>\n<li>Organisation de sondages, conf\u00e9rences et manifestations.<\/li>\n<li>Faciliter et am\u00e9liorer la navigation sur le Site.<\/li>\n<\/ul>\n<p><strong>Statistiques.<\/strong> Nous utilisons \u00e9galement les donn\u00e9es collect\u00e9es \u00e0 des fins d\u2019\u00e9tudes et statistiques.<\/p>\n<p><strong>Offres promotionnelles et publicit\u00e9.<\/strong> Avec votre consentement lorsqu\u2019il est requis, nous utilisons les donn\u00e9es collect\u00e9es via le Site ou les Services pour vous faire b\u00e9n\u00e9ficier de services et d&#8217;offres promotionnelles cibl\u00e9es.<\/p>\n<p>Nous \u00e9tablissons des profils d\u2019utilisateurs et ciblage publicitaire pour vous adresser ou afficher sur le Site des contenus en mati\u00e8re d\u2019emploi, des offres adapt\u00e9es \u00e0 vos centres d\u2019int\u00e9r\u00eats ou que nous pensons susceptibles de vous int\u00e9resser, y compris \u00e0 l\u2019aide de technologies pla\u00e7ant des Cookies sur votre terminal ou dans les courriels que nous vous adressons. De m\u00eame, nos partenaires r\u00e9gies peuvent \u00e9galement \u00e9tablir de tels profils pour vous adresser ou afficher de tels contenus sur d\u2019autres sites tels que des offres d\u2019emplois qui correspondent \u00e0 vos crit\u00e8res de recherche.<\/p>\n<p>Certaines donn\u00e9es sont \u00e9galement conserv\u00e9es pour r\u00e9pondre \u00e0 nos obligations l\u00e9gales et assurer la d\u00e9fense de nos int\u00e9r\u00eats en cas de litige ou d\u2019action en justice.<\/p>\n<p><strong>Quelles personnes collectent des donn\u00e9es vous concernant ?<\/strong><\/p>\n<p><strong>Site et Services du Club MI. <\/strong>Sauf autre indication, en sa qualit\u00e9 d\u2019\u00e9diteur du Site \u00ab\u00a0Le Club MI\u00a0\u00bb RJExpat a la qualit\u00e9 de responsable de traitement au sens de la l\u00e9gislation applicable concernant les traitements de donn\u00e9es personnelles mis en \u0153uvre pour assurer le fonctionnement du Site et la fourniture des Services.<\/p>\n<p><strong>Toutefois,<\/strong> lorsque vous cr\u00e9ez un compte utilisateur vos donn\u00e9es personnelles sont susceptibles d\u2019\u00eatre transmises, consult\u00e9es, utilis\u00e9es et sauvegard\u00e9es par d\u2019autres utilisateurs.<\/p>\n<p><strong>Affichage et ciblage publicitaire.<\/strong> Certains traitements utiles pour les affichages publicitaires sur le Site sont mis en \u0153uvre par notre soci\u00e9t\u00e9 et\/ou des tiers partenaires qui sont responsable des technologies utilis\u00e9es aux fins de permettre la collecte de donn\u00e9es (comme des identifiants contenus dans les cookies associ\u00e9s aux pages visit\u00e9es), \u00e0 des fins de ciblage publicitaire, y compris sur d\u2019autres sites.<\/p>\n<p><strong>Liens vers d\u2019autres sites.<\/strong> Le Site peut par ailleurs contenir des liens vers d\u2019autres sites, applications ou des services propos\u00e9s par des tiers, comme des sites de recrutement ou de recruteurs. La pr\u00e9sente politique ne s\u2019applique pas \u00e0 ces sites ou services. Nous vous invitons dans ce cas \u00e0 consulter les pratiques en mati\u00e8re de protection des donn\u00e9es personnelles de ces sites, applications ou tiers.<\/p>\n<p><strong>Quel est le fondement l\u00e9gal pour la collecte de donn\u00e9es que nous effectuons ?<\/strong><\/p>\n<p>Nous collectons uniquement des donn\u00e9es \u00e0 caract\u00e8re personnel lorsque nous disposons d\u2019un fondement l\u00e9gal pour le faire.<\/p>\n<p>Les collectes de donn\u00e9es personnelles d\u00e9crites ci-dessus sont effectu\u00e9es car elles sont (i) n\u00e9cessaires pour l\u2019ex\u00e9cution des contrats que vous avez souscrits (compte utilisateur, etc.), et\/ou ; n\u00e9cessaires \u00e0 des fins d\u2019int\u00e9r\u00eat l\u00e9gitime notamment pour vous proposer des contenus adapt\u00e9s, effectuer des statistiques, pour la protection du Site et de l\u2019Application contre une utilisation non autoris\u00e9e, et\/ou ; n\u00e9cessaires pour \u00eatre en conformit\u00e9 avec nos obligations l\u00e9gales.<\/p>\n<p>En dehors de ces cas, elles sont \u00e9galement collect\u00e9es sur la base de votre consentement, par exemple lorsque vous remplissez un formulaire de contact, vous inscrivez \u00e0 une alerte e-mail, lorsque vous postez un commentaire sur un article ou lorsqu\u2019un tel consentement est requis par la loi (par exemple pour vous adresser par courriel des offres de partenaires.<\/p>\n<p><strong>Combien de temps vos donn\u00e9es sont-elles conserv\u00e9es ?<\/strong><\/p>\n<p>Vos donn\u00e9es personnelles sont conserv\u00e9es pendant toute la dur\u00e9e de votre relation avec nous afin de vous fournir les Services.<\/p>\n<p>Dans certains cas, nous pouvons conserver certaines donn\u00e9es personnelles vous concernant m\u00eame si vous supprimez votre compte, par obligation l\u00e9gale, ou s&#8217;il subsiste un probl\u00e8me concernant ce compte, par exemple la pr\u00e9sence d&#8217;une r\u00e9clamation ou d&#8217;un litige non r\u00e9solu. Dans ce cas, les donn\u00e9es n\u00e9cessaires \u00e0 la r\u00e9solution du probl\u00e8me ou du litige seront conserv\u00e9es tant que dure le litige dans la limite des r\u00e8gles applicables en mati\u00e8re de prescription.<\/p>\n<p><strong>Widgets de r\u00e9seaux sociaux <\/strong><\/p>\n<p>Notre site int\u00e8gre des fonctionnalit\u00e9s et des widgets de r\u00e9seaux sociaux, comme le bouton \u00ab J&#8217;aime \u00bb de Facebook dans le premier cas ou le bouton \u00ab Partager \u00bb dans le second. Vos interactions avec ces fonctionnalit\u00e9s sont r\u00e9gies par les R\u00e8gles de confidentialit\u00e9 propres \u00e0 l&#8217;entreprise qui les propose.<\/p>\n<p><strong>Avec qui partageons-nous vos donn\u00e9es ?<\/strong><\/p>\n<p>Dans le cadre de l\u2019utilisation des Services, certaines de vos informations sont transmises \u00e0 nos prestataires et sous-traitants intervenant pour fournir les Services, dans la limite n\u00e9cessaire \u00e0 leur intervention. Ainsi, vos donn\u00e9es personnelles sont, par exemples, transmises \u00e0 nos prestataires techniques dans le cadre de l\u2019h\u00e9bergement de nos serveurs.<\/p>\n<p>Avec votre consentement certaines donn\u00e9es personnelles vous concernant peuvent \u00eatre partag\u00e9es avec nos conseils externes en cas de litige.<\/p>\n<p>Des donn\u00e9es vous concernant peuvent \u00e9galement \u00eatre partag\u00e9es dans des cas non d\u00e9crits ci-dessus avec votre consentement ou lorsque nous y sommes tenus en application de la loi. Ainsi, lorsque vous utilisez les boutons sociaux des donn\u00e9es relatives \u00e0 votre identification sont automatiquement communiqu\u00e9es \u00e0 ces r\u00e9seaux sociaux.<\/p>\n<p>Par ailleurs, les commentaires que vous choisissez de poster sur nos articles sont accessibles publiquement.<\/p>\n<p>Dans l\u2019hypoth\u00e8se o\u00f9 tout ou partie des activit\u00e9s de la Soci\u00e9t\u00e9 RHExpat seraient c\u00e9d\u00e9es, vos Donn\u00e9es Personnelles seraient communiqu\u00e9es \u00e0 l\u2019acqu\u00e9reur afin d\u2019assurer la continuit\u00e9 des Services et\/ou, sauf autres \u00e0 des fins de prospection commerciale avec votre consentement lorsqu\u2019il est requis.<\/p>\n<p><strong>Comment est assur\u00e9e la s\u00e9curit\u00e9 de mes donn\u00e9es personnelles ?<\/strong><\/p>\n<p>Vos donn\u00e9es \u00e0 caract\u00e8re personnel sont prot\u00e9g\u00e9es par des mesures techniques et organisationnelles conformes aux exigences l\u00e9gales et r\u00e8glementaires, permettant d\u2019assurer leur s\u00e9curit\u00e9 et leur confidentialit\u00e9.<\/p>\n<p>En particulier, RHExpat utilise des technologies de protection, comme des syst\u00e8mes de chiffrement, d&#8217;authentification, afin de prot\u00e9ger votre compte en ligne.<\/p>\n<p>Le Club MI s\u2019assure, aux termes d\u2019engagement \u00e9crits, que ses prestataires pr\u00e9sentent des garanties suffisantes pour assurer la protection des donn\u00e9es personnelles dont le traitement leur est confi\u00e9.<\/p>\n<p><strong>Des donn\u00e9es personnelles sont-elles transf\u00e9r\u00e9es hors de l\u2019Union europ\u00e9enne ? sous quelles garanties ?<\/strong><\/p>\n<p>Nous conservons vos Donn\u00e9es Personnelles dans l\u2019Union Europ\u00e9enne. Toutefois, il est possible que les donn\u00e9es que nous recueillons lorsque vous utilisez notre Site ou nos Services soient transf\u00e9r\u00e9es en dehors de l\u2019Union europ\u00e9enne vers des pays dont la l\u00e9gislation applicable en mati\u00e8re de protection des donn\u00e9es personnelles diff\u00e8re de celle applicable en France.<\/p>\n<p>De tels transferts sont effectu\u00e9s moyennant des garanties appropri\u00e9es en conformit\u00e9 avec la r\u00e9glementation applicable en mati\u00e8re de protection des donn\u00e9es \u00e0 caract\u00e8re personnel.<\/p>\n<p><strong>Comment se d\u00e9sinscrire des communications \u00ab\u00a0Le Club MI\u00a0\u00bb et g\u00e9rer vos options en mati\u00e8re de prospection commerciales ?<\/strong><\/p>\n<p><strong>Comment se d\u00e9sinscrire des alertes ?<\/strong><\/p>\n<p>Pour vous d\u00e9sinscrire de nos alertes vous pouvez nous envoyer un e-mail sur\u00a0: contact@rhexpat.com<\/p>\n<p><strong>Comment supprimer votre compte ?<\/strong><\/p>\n<p>Apr\u00e8s vous \u00eatre connect\u00e9 avec vos identifiants \u00e0 votre espace personnel, cliquez sur l\u2019ic\u00f4ne situ\u00e9e en haut \u00e0 droite, puis sur l\u2019onglet \u00ab <strong>Mon compte<\/strong> \u00bb. Vous pourrez alors supprimer votre compte.<\/p>\n<p><strong>Que pouvez-vous faire si vous ne voulez pas de publicit\u00e9 cibl\u00e9e ?<\/strong><\/p>\n<p>Vous pouvez \u00e0 tout moment retirer votre consentement \u00e0 l\u2019usage des technologies de nos partenaires r\u00e9gies \u00e0 des fins de publicit\u00e9 cibl\u00e9e en configurant les param\u00e8tres relatifs \u00e0 la publicit\u00e9 de votre compte sur les plateformes de r\u00e9seaux sociaux (par exemple Facebook, Twitter) ou en vous reportant aux guides d\u2019utilisation selon votre navigateur.<\/p>\n<p>Attention, refuser de la publicit\u00e9 cibl\u00e9e n\u2019emp\u00eachera pas l\u2019affichage ou la r\u00e9ception d\u2019autre types de publicit\u00e9, non cibl\u00e9e.<\/p>\n<p><strong>Comment acc\u00e9der \u00e0 vos donn\u00e9es personnelles ? comment les corriger ou les supprimer ou exercer vos autres droits ?<\/strong><\/p>\n<p><strong>Acc\u00e8s et copie<\/strong><\/p>\n<p>Vous avez un droit d\u2019acc\u00e8s et de communication \u00e0 vos donn\u00e9es personnelles.<\/p>\n<p>Avant de r\u00e9pondre \u00e0 votre demande, nous sommes tenus par la loi de v\u00e9rifier votre identit\u00e9. Nous pouvons \u00eatre conduit \u00e0 vous demander de nous fournir davantage d\u2019informations pour r\u00e9pondre \u00e0 votre demande. Nous nous efforcerons de donner suite \u00e0 votre demande dans les meilleurs d\u00e9lais.<\/p>\n<p><strong>Si vous disposez d\u2019un compte vous pouvez directement acc\u00e9der<\/strong> aux donn\u00e9es contenues dans votre compte en ligne en vous y connectant.<\/p>\n<p>Cet acc\u00e8s vous permet \u00e9galement de corriger, modifier ou supprimer vos donn\u00e9es de contact.<\/p>\n<p>Vous pouvez \u00e9galement fermer votre compte en ligne \u00e0 tout moment par le biais de l\u2019onglet \u00ab <strong>Mon profil<\/strong> \u00bb.<\/p>\n<p>Si vous ne pouvez pas acc\u00e9der \u00e0 votre compte ou pour acc\u00e9der \u00e0 d\u2019autres donn\u00e9es, contactez-nous selon les modalit\u00e9s indiqu\u00e9es \u00e0 la rubrique \u00ab\u00a0Nous contacter\u00a0\u00bb ci-dessous.<\/p>\n<p><strong>Obtenir la correction de donn\u00e9es personnelles inexactes<\/strong><\/p>\n<p>Vous avez \u00e9galement la possibilit\u00e9 de demander la correction des donn\u00e9es personnelles vous concernant qui seraient incorrectes et la limitation de leur traitement le temps de leur correction. Vous avez \u00e9galement le droit, selon la nature du traitement, de demander que les donn\u00e9es personnelles en notre possession soient compl\u00e9t\u00e9es. Nous sommes susceptibles dans ce cas de vous demander des justificatifs.<\/p>\n<p>Si vous ne pouvez acc\u00e9der \u00e0 votre compte ou si les donn\u00e9es que vous souhaitez corriger ne peuvent \u00eatre corrig\u00e9es via l\u2019acc\u00e8s \u00e0 votre compte, contactez-nous selon les modalit\u00e9s indiqu\u00e9es \u00e0 la rubrique \u00ab\u00a0Nous contacter\u00a0\u00bb ci-dessous.<\/p>\n<p><strong>Obtenir l\u2019effacement de vos donn\u00e9es personnelles<\/strong><\/p>\n<p>Vous pouvez \u00e9galement demander l\u2019effacement de vos donn\u00e9es personnelles dans les cas suivants :<\/p>\n<ul>\n<li>Vous consid\u00e9rez que notre traitement de vos donn\u00e9es vous concernant n\u2019est plus n\u00e9cessaire au regard des Services souscrits ou de votre utilisation du Site et\/ou de l\u2019Application, ou la r\u00e9alisation des finalit\u00e9s vis\u00e9es plus haut dans cette politique ou que leur conservation est contraire \u00e0 la loi<\/li>\n<li>Vous vous opposez au traitement de vos donn\u00e9es personnelles pour des motifs tenant \u00e0 votre situation personnelle<\/li>\n<li>Vous vous opposez \u00e0 l\u2019utilisation de vos donn\u00e9es \u00e0 des fins de prospection commerciale<\/li>\n<li>Vos donn\u00e9es ont \u00e9t\u00e9 collect\u00e9es en ligne alors que vous \u00e9tiez mineur.<\/li>\n<\/ul>\n<p>Vous pouvez alternativement, dans les limites pr\u00e9vues par la loi, demander la limitation du traitement de vos donn\u00e9es personnelles.<\/p>\n<p>Veuillez noter que nonobstant l\u2019exercice de votre droit \u00e0 l\u2019effacement ou \u00e0 limitation nous sommes susceptibles de conserver certaines donn\u00e9es personnelles vous concernant lorsque la loi nous l\u2019impose ou l\u2019autorise, lorsque nous avons un motif l\u00e9gitime de le faire, pour l\u2019exercice ou la d\u00e9fense de droits en justice ou encore lorsque l\u2019exercice de ce droit porte atteinte \u00e0 droit \u00e0 la libert\u00e9 d\u2019expression et d\u2019information.<\/p>\n<p><strong>Nous faire part de vos directives post mortem<\/strong><\/p>\n<p>Vous disposez \u00e9galement du droit de d\u00e9finir des directives relatives au sort de vos Donn\u00e9es Personnelles apr\u00e8s votre mort.<\/p>\n<p><strong>Nous contacter<\/strong><\/p>\n<p>Pour toute question relative \u00e0 la pr\u00e9sente politique de protection des donn\u00e9es ou pour toute demande relative \u00e0 vos donn\u00e9es personnelles, vous pouvez nous contacter :<\/p>\n<ul>\n<li><strong>En ligne<\/strong> en envoyant un courrier \u00e9lectronique \u00e0 l\u2019adresse suivante : <a href=\"mailto:contact@rhexpat.com\">contact@rhexpat.com<\/a><\/li>\n<li><strong>Par courrier<\/strong> \u00e0 l\u2019adresse suivante : RHExpat- 91, rue du Faubourg St Honor\u00e9 \u2013 75008 Paris<\/li>\n<\/ul>\n<p>Vous \u00eates par ailleurs inform\u00e9 que vous disposez du droit de saisir la CNIL de toute r\u00e9clamation concernant le traitement des donn\u00e9es vous concernant.<\/p>\n<p>Nous sommes susceptibles de modifier cette politique de temps \u00e0 autres pour refl\u00e9ter les changements dans nos pratiques, pour pr\u00e9ciser d\u2019avantage nos pratiques ou pour assurer le respect de la r\u00e9glementation.<\/p>\n<p>&nbsp;<\/p>\n","protected":false},"excerpt":{"rendered":"<p>Quelles donn\u00e9es collectons-nous ? Nous collectons plusieurs types de donn\u00e9es personnelles vous concernant : Les donn\u00e9es que vous nous communiquez : il s\u2019agit des informations d\u2019identification et de contact que vous nous communiquez lors la cr\u00e9ation d\u2019un compte, pour compl\u00e9ter votre espace personnel ou de mani\u00e8re g\u00e9n\u00e9rale pour utiliser nos Services (comme votre nom, pr\u00e9nom, &#8230; <a title=\"Politique de confidentialit\u00e9\" class=\"read-more\" href=\"https:\/\/www.rhexpat.com\/blog\/politique-de-confidentialite\/\" aria-label=\"Plus sur Politique de confidentialit\u00e9\">Read more<\/a><\/p>\n","protected":false},"author":1,"featured_media":0,"parent":0,"menu_order":0,"comment_status":"closed","ping_status":"closed","template":"","meta":{"generate_page_header":"","footnotes":""},"class_list":["post-9150","page","type-page","status-publish"],"_links":{"self":[{"href":"https:\/\/www.rhexpat.com\/blog\/wp-json\/wp\/v2\/pages\/9150","targetHints":{"allow":["GET"]}}],"collection":[{"href":"https:\/\/www.rhexpat.com\/blog\/wp-json\/wp\/v2\/pages"}],"about":[{"href":"https:\/\/www.rhexpat.com\/blog\/wp-json\/wp\/v2\/types\/page"}],"author":[{"embeddable":true,"href":"https:\/\/www.rhexpat.com\/blog\/wp-json\/wp\/v2\/users\/1"}],"replies":[{"embeddable":true,"href":"https:\/\/www.rhexpat.com\/blog\/wp-json\/wp\/v2\/comments?post=9150"}],"version-history":[{"count":4,"href":"https:\/\/www.rhexpat.com\/blog\/wp-json\/wp\/v2\/pages\/9150\/revisions"}],"predecessor-version":[{"id":9186,"href":"https:\/\/www.rhexpat.com\/blog\/wp-json\/wp\/v2\/pages\/9150\/revisions\/9186"}],"wp:attachment":[{"href":"https:\/\/www.rhexpat.com\/blog\/wp-json\/wp\/v2\/media?parent=9150"}],"curies":[{"name":"wp","href":"https:\/\/api.w.org\/{rel}","templated":true}]}}